{"id":932,"date":"2024-11-26T12:03:41","date_gmt":"2024-11-26T12:03:41","guid":{"rendered":"https:\/\/bilimkubbesi.com.tr\/index.php\/marsta-4-45-milyar-yil-once-sicak-su-izleri-kesfedildi\/"},"modified":"2024-11-26T12:35:57","modified_gmt":"2024-11-26T12:35:57","slug":"marsta-4-45-milyar-yil-once-sicak-su-izleri-kesfedildi","status":"publish","type":"page","link":"https:\/\/bilimkubbesi.com.tr\/index.php\/marsta-4-45-milyar-yil-once-sicak-su-izleri-kesfedildi\/","title":{"rendered":"Mars&#8217;ta 4.45 Milyar Y\u0131l \u00d6nce S\u0131cak Su \u0130zleri Ke\u015ffedildi"},"content":{"rendered":"","protected":false},"excerpt":{"rendered":"","protected":false},"author":2,"featured_media":0,"parent":0,"menu_order":0,"comment_status":"closed","ping_status":"closed","template":"kubio-full-width","meta":{"saved_in_kubio":true,"footnotes":""},"class_list":["post-932","page","type-page","status-publish","hentry"],"kubio_ai_page_context":{"short_desc":"","purpose":"general"},"_links":{"self":[{"href":"https:\/\/bilimkubbesi.com.tr\/index.php\/wp-json\/wp\/v2\/pages\/932","targetHints":{"allow":["GET"]}}],"collection":[{"href":"https:\/\/bilimkubbesi.com.tr\/index.php\/wp-json\/wp\/v2\/pages"}],"about":[{"href":"https:\/\/bilimkubbesi.com.tr\/index.php\/wp-json\/wp\/v2\/types\/page"}],"author":[{"embeddable":true,"href":"https:\/\/bilimkubbesi.com.tr\/index.php\/wp-json\/wp\/v2\/users\/2"}],"replies":[{"embeddable":true,"href":"https:\/\/bilimkubbesi.com.tr\/index.php\/wp-json\/wp\/v2\/comments?post=932"}],"version-history":[{"count":2,"href":"https:\/\/bilimkubbesi.com.tr\/index.php\/wp-json\/wp\/v2\/pages\/932\/revisions"}],"predecessor-version":[{"id":937,"href":"https:\/\/bilimkubbesi.com.tr\/index.php\/wp-json\/wp\/v2\/pages\/932\/revisions\/937"}],"wp:attachment":[{"href":"https:\/\/bilimkubbesi.com.tr\/index.php\/wp-json\/wp\/v2\/media?parent=932"}],"curies":[{"name":"wp","href":"https:\/\/api.w.org\/{rel}","templated":true}]}}