{"id":9,"date":"2024-09-30T19:37:22","date_gmt":"2024-09-30T19:37:22","guid":{"rendered":"https:\/\/bilimkubbesi.com.tr\/index.php\/front_page\/"},"modified":"2025-07-07T09:34:34","modified_gmt":"2025-07-07T09:34:34","slug":"front_page","status":"publish","type":"page","link":"https:\/\/bilimkubbesi.com.tr\/","title":{"rendered":"Home"},"content":{"rendered":"\n\n\n\n\n\n\n\n\n\n\n\n\n\n","protected":false},"excerpt":{"rendered":"<p>Bilim Kubbesi, planetaryum deneyimleri ve bilimsel dan\u0131\u015fmanl\u0131k hizmetleriyle her ya\u015fa hitap eden etkinlikler sunuyor. \u00c7ocuklara bilim sevgisi a\u015f\u0131lamay\u0131 ve bilime olan ilgiyi art\u0131rmay\u0131 hedefliyoruz.<\/p>\n","protected":false},"author":1,"featured_media":415,"parent":0,"menu_order":0,"comment_status":"closed","ping_status":"closed","template":"","meta":{"saved_in_kubio":true,"footnotes":""},"class_list":["post-9","page","type-page","status-publish","has-post-thumbnail","hentry"],"kubio_ai_page_context":{"short_desc":"","purpose":"general"},"_links":{"self":[{"href":"https:\/\/bilimkubbesi.com.tr\/index.php\/wp-json\/wp\/v2\/pages\/9","targetHints":{"allow":["GET"]}}],"collection":[{"href":"https:\/\/bilimkubbesi.com.tr\/index.php\/wp-json\/wp\/v2\/pages"}],"about":[{"href":"https:\/\/bilimkubbesi.com.tr\/index.php\/wp-json\/wp\/v2\/types\/page"}],"author":[{"embeddable":true,"href":"https:\/\/bilimkubbesi.com.tr\/index.php\/wp-json\/wp\/v2\/users\/1"}],"replies":[{"embeddable":true,"href":"https:\/\/bilimkubbesi.com.tr\/index.php\/wp-json\/wp\/v2\/comments?post=9"}],"version-history":[{"count":89,"href":"https:\/\/bilimkubbesi.com.tr\/index.php\/wp-json\/wp\/v2\/pages\/9\/revisions"}],"predecessor-version":[{"id":1403,"href":"https:\/\/bilimkubbesi.com.tr\/index.php\/wp-json\/wp\/v2\/pages\/9\/revisions\/1403"}],"wp:featuredmedia":[{"embeddable":true,"href":"https:\/\/bilimkubbesi.com.tr\/index.php\/wp-json\/wp\/v2\/media\/415"}],"wp:attachment":[{"href":"https:\/\/bilimkubbesi.com.tr\/index.php\/wp-json\/wp\/v2\/media?parent=9"}],"curies":[{"name":"wp","href":"https:\/\/api.w.org\/{rel}","templated":true}]}}