{"id":720,"date":"2024-10-23T19:56:53","date_gmt":"2024-10-23T19:56:53","guid":{"rendered":"https:\/\/bilimkubbesi.com.tr\/index.php\/iklim-degisikligi-sicaklik-artisinin-dunyayi-yok-etmeden-once-alinmasi-gereken-5-acil-onlem\/"},"modified":"2024-10-23T20:19:14","modified_gmt":"2024-10-23T20:19:14","slug":"iklim-degisikligi-sicaklik-artisinin-dunyayi-yok-etmeden-once-alinmasi-gereken-5-acil-onlem","status":"publish","type":"page","link":"https:\/\/bilimkubbesi.com.tr\/index.php\/iklim-degisikligi-sicaklik-artisinin-dunyayi-yok-etmeden-once-alinmasi-gereken-5-acil-onlem\/","title":{"rendered":"\u0130klim De\u011fi\u015fikli\u011fi: S\u0131cakl\u0131k Art\u0131\u015f\u0131n\u0131n D\u00fcnya\u2019y\u0131 Yok Etmeden \u00d6nce Al\u0131nmas\u0131 Gereken 5 Acil \u00d6nlem!"},"content":{"rendered":"","protected":false},"excerpt":{"rendered":"<p>\u0130klim de\u011fi\u015fikli\u011fiyle m\u00fccadele i\u00e7in acilen harekete ge\u00e7memiz gerekiyor.<\/p>\n","protected":false},"author":1,"featured_media":721,"parent":0,"menu_order":0,"comment_status":"closed","ping_status":"closed","template":"kubio-full-width","meta":{"saved_in_kubio":true,"footnotes":""},"class_list":["post-720","page","type-page","status-publish","has-post-thumbnail","hentry"],"kubio_ai_page_context":{"short_desc":"","purpose":"general"},"_links":{"self":[{"href":"https:\/\/bilimkubbesi.com.tr\/index.php\/wp-json\/wp\/v2\/pages\/720","targetHints":{"allow":["GET"]}}],"collection":[{"href":"https:\/\/bilimkubbesi.com.tr\/index.php\/wp-json\/wp\/v2\/pages"}],"about":[{"href":"https:\/\/bilimkubbesi.com.tr\/index.php\/wp-json\/wp\/v2\/types\/page"}],"author":[{"embeddable":true,"href":"https:\/\/bilimkubbesi.com.tr\/index.php\/wp-json\/wp\/v2\/users\/1"}],"replies":[{"embeddable":true,"href":"https:\/\/bilimkubbesi.com.tr\/index.php\/wp-json\/wp\/v2\/comments?post=720"}],"version-history":[{"count":1,"href":"https:\/\/bilimkubbesi.com.tr\/index.php\/wp-json\/wp\/v2\/pages\/720\/revisions"}],"predecessor-version":[{"id":723,"href":"https:\/\/bilimkubbesi.com.tr\/index.php\/wp-json\/wp\/v2\/pages\/720\/revisions\/723"}],"wp:featuredmedia":[{"embeddable":true,"href":"https:\/\/bilimkubbesi.com.tr\/index.php\/wp-json\/wp\/v2\/media\/721"}],"wp:attachment":[{"href":"https:\/\/bilimkubbesi.com.tr\/index.php\/wp-json\/wp\/v2\/media?parent=720"}],"curies":[{"name":"wp","href":"https:\/\/api.w.org\/{rel}","templated":true}]}}