{"id":673,"date":"2024-10-22T12:53:25","date_gmt":"2024-10-22T12:53:25","guid":{"rendered":"https:\/\/bilimkubbesi.com.tr\/index.php\/depresyon-tedavisinde-mikrobiyom-devrimi\/"},"modified":"2024-10-22T13:20:52","modified_gmt":"2024-10-22T13:20:52","slug":"depresyon-tedavisinde-mikrobiyom-devrimi","status":"publish","type":"page","link":"https:\/\/bilimkubbesi.com.tr\/index.php\/depresyon-tedavisinde-mikrobiyom-devrimi\/","title":{"rendered":"Depresyon Tedavisinde Mikrobiyom Devrimi"},"content":{"rendered":"","protected":false},"excerpt":{"rendered":"<p>Depresyon ve ba\u011f\u0131rsak mikrobiyomu aras\u0131ndaki ba\u011flant\u0131, mikrobiyom temelli tedavilerin potansiyelini vurguluyor. Probiyotikler, prebiyotikler ve fekal mikrobiyota transplantasyonu depresyon tedavisinde etkili olabilir.<\/p>\n","protected":false},"author":1,"featured_media":674,"parent":0,"menu_order":0,"comment_status":"closed","ping_status":"closed","template":"kubio-full-width","meta":{"saved_in_kubio":true,"footnotes":""},"class_list":["post-673","page","type-page","status-publish","has-post-thumbnail","hentry"],"kubio_ai_page_context":{"short_desc":"","purpose":"general"},"_links":{"self":[{"href":"https:\/\/bilimkubbesi.com.tr\/index.php\/wp-json\/wp\/v2\/pages\/673","targetHints":{"allow":["GET"]}}],"collection":[{"href":"https:\/\/bilimkubbesi.com.tr\/index.php\/wp-json\/wp\/v2\/pages"}],"about":[{"href":"https:\/\/bilimkubbesi.com.tr\/index.php\/wp-json\/wp\/v2\/types\/page"}],"author":[{"embeddable":true,"href":"https:\/\/bilimkubbesi.com.tr\/index.php\/wp-json\/wp\/v2\/users\/1"}],"replies":[{"embeddable":true,"href":"https:\/\/bilimkubbesi.com.tr\/index.php\/wp-json\/wp\/v2\/comments?post=673"}],"version-history":[{"count":2,"href":"https:\/\/bilimkubbesi.com.tr\/index.php\/wp-json\/wp\/v2\/pages\/673\/revisions"}],"predecessor-version":[{"id":683,"href":"https:\/\/bilimkubbesi.com.tr\/index.php\/wp-json\/wp\/v2\/pages\/673\/revisions\/683"}],"wp:featuredmedia":[{"embeddable":true,"href":"https:\/\/bilimkubbesi.com.tr\/index.php\/wp-json\/wp\/v2\/media\/674"}],"wp:attachment":[{"href":"https:\/\/bilimkubbesi.com.tr\/index.php\/wp-json\/wp\/v2\/media?parent=673"}],"curies":[{"name":"wp","href":"https:\/\/api.w.org\/{rel}","templated":true}]}}