{"id":644,"date":"2024-10-18T07:42:07","date_gmt":"2024-10-18T07:42:07","guid":{"rendered":"https:\/\/bilimkubbesi.com.tr\/index.php\/eeg-yontemi-ile-uyku-bozukluklarinin-2-dakikada-tespiti\/"},"modified":"2024-10-18T08:15:10","modified_gmt":"2024-10-18T08:15:10","slug":"eeg-yontemi-ile-uyku-bozukluklarinin-2-dakikada-tespiti","status":"publish","type":"page","link":"https:\/\/bilimkubbesi.com.tr\/index.php\/eeg-yontemi-ile-uyku-bozukluklarinin-2-dakikada-tespiti\/","title":{"rendered":"EEG Y\u00f6ntemi ile Uyku Bozukluklar\u0131n\u0131n 2 Dakikada Tespiti"},"content":{"rendered":"","protected":false},"excerpt":{"rendered":"","protected":false},"author":2,"featured_media":0,"parent":0,"menu_order":0,"comment_status":"closed","ping_status":"closed","template":"kubio-full-width","meta":{"saved_in_kubio":true,"footnotes":""},"class_list":["post-644","page","type-page","status-publish","hentry"],"kubio_ai_page_context":{"short_desc":"","purpose":"general"},"_links":{"self":[{"href":"https:\/\/bilimkubbesi.com.tr\/index.php\/wp-json\/wp\/v2\/pages\/644","targetHints":{"allow":["GET"]}}],"collection":[{"href":"https:\/\/bilimkubbesi.com.tr\/index.php\/wp-json\/wp\/v2\/pages"}],"about":[{"href":"https:\/\/bilimkubbesi.com.tr\/index.php\/wp-json\/wp\/v2\/types\/page"}],"author":[{"embeddable":true,"href":"https:\/\/bilimkubbesi.com.tr\/index.php\/wp-json\/wp\/v2\/users\/2"}],"replies":[{"embeddable":true,"href":"https:\/\/bilimkubbesi.com.tr\/index.php\/wp-json\/wp\/v2\/comments?post=644"}],"version-history":[{"count":2,"href":"https:\/\/bilimkubbesi.com.tr\/index.php\/wp-json\/wp\/v2\/pages\/644\/revisions"}],"predecessor-version":[{"id":651,"href":"https:\/\/bilimkubbesi.com.tr\/index.php\/wp-json\/wp\/v2\/pages\/644\/revisions\/651"}],"wp:attachment":[{"href":"https:\/\/bilimkubbesi.com.tr\/index.php\/wp-json\/wp\/v2\/media?parent=644"}],"curies":[{"name":"wp","href":"https:\/\/api.w.org\/{rel}","templated":true}]}}