{"id":445,"date":"2024-10-14T07:20:55","date_gmt":"2024-10-14T07:20:55","guid":{"rendered":"https:\/\/bilimkubbesi.com.tr\/index.php\/bilimsel-proje-danismanliklari\/"},"modified":"2024-10-30T08:34:03","modified_gmt":"2024-10-30T08:34:03","slug":"bilimsel-proje-danismanliklari","status":"publish","type":"page","link":"https:\/\/bilimkubbesi.com.tr\/index.php\/bilimsel-proje-danismanliklari\/","title":{"rendered":"B\u0130L\u0130MSEL PROJE DANI\u015eMANLIKLARI"},"content":{"rendered":"\n\n","protected":false},"excerpt":{"rendered":"","protected":false},"author":2,"featured_media":0,"parent":0,"menu_order":0,"comment_status":"closed","ping_status":"closed","template":"kubio-full-width","meta":{"saved_in_kubio":true,"footnotes":""},"class_list":["post-445","page","type-page","status-publish","hentry"],"kubio_ai_page_context":{"short_desc":"","purpose":"general"},"_links":{"self":[{"href":"https:\/\/bilimkubbesi.com.tr\/index.php\/wp-json\/wp\/v2\/pages\/445","targetHints":{"allow":["GET"]}}],"collection":[{"href":"https:\/\/bilimkubbesi.com.tr\/index.php\/wp-json\/wp\/v2\/pages"}],"about":[{"href":"https:\/\/bilimkubbesi.com.tr\/index.php\/wp-json\/wp\/v2\/types\/page"}],"author":[{"embeddable":true,"href":"https:\/\/bilimkubbesi.com.tr\/index.php\/wp-json\/wp\/v2\/users\/2"}],"replies":[{"embeddable":true,"href":"https:\/\/bilimkubbesi.com.tr\/index.php\/wp-json\/wp\/v2\/comments?post=445"}],"version-history":[{"count":7,"href":"https:\/\/bilimkubbesi.com.tr\/index.php\/wp-json\/wp\/v2\/pages\/445\/revisions"}],"predecessor-version":[{"id":778,"href":"https:\/\/bilimkubbesi.com.tr\/index.php\/wp-json\/wp\/v2\/pages\/445\/revisions\/778"}],"wp:attachment":[{"href":"https:\/\/bilimkubbesi.com.tr\/index.php\/wp-json\/wp\/v2\/media?parent=445"}],"curies":[{"name":"wp","href":"https:\/\/api.w.org\/{rel}","templated":true}]}}