{"id":1356,"date":"2025-06-03T10:13:34","date_gmt":"2025-06-03T10:13:34","guid":{"rendered":"https:\/\/bilimkubbesi.com.tr\/index.php\/gezegenler-arasi-yas-ve-kilo-hesaplayici\/"},"modified":"2025-07-16T15:26:55","modified_gmt":"2025-07-16T15:26:55","slug":"gezegenler-arasi-yas-ve-agirlik-hesaplayici","status":"publish","type":"page","link":"https:\/\/bilimkubbesi.com.tr\/index.php\/gezegenler-arasi-yas-ve-agirlik-hesaplayici\/","title":{"rendered":"Gezegenler Aras\u0131 Ya\u015f ve A\u011f\u0131rl\u0131k Hesaplay\u0131c\u0131"},"content":{"rendered":"","protected":false},"excerpt":{"rendered":"","protected":false},"author":1,"featured_media":0,"parent":0,"menu_order":0,"comment_status":"closed","ping_status":"closed","template":"kubio-full-width","meta":{"saved_in_kubio":true,"footnotes":""},"class_list":["post-1356","page","type-page","status-publish","hentry"],"kubio_ai_page_context":{"short_desc":"","purpose":"general"},"_links":{"self":[{"href":"https:\/\/bilimkubbesi.com.tr\/index.php\/wp-json\/wp\/v2\/pages\/1356","targetHints":{"allow":["GET"]}}],"collection":[{"href":"https:\/\/bilimkubbesi.com.tr\/index.php\/wp-json\/wp\/v2\/pages"}],"about":[{"href":"https:\/\/bilimkubbesi.com.tr\/index.php\/wp-json\/wp\/v2\/types\/page"}],"author":[{"embeddable":true,"href":"https:\/\/bilimkubbesi.com.tr\/index.php\/wp-json\/wp\/v2\/users\/1"}],"replies":[{"embeddable":true,"href":"https:\/\/bilimkubbesi.com.tr\/index.php\/wp-json\/wp\/v2\/comments?post=1356"}],"version-history":[{"count":9,"href":"https:\/\/bilimkubbesi.com.tr\/index.php\/wp-json\/wp\/v2\/pages\/1356\/revisions"}],"predecessor-version":[{"id":1414,"href":"https:\/\/bilimkubbesi.com.tr\/index.php\/wp-json\/wp\/v2\/pages\/1356\/revisions\/1414"}],"wp:attachment":[{"href":"https:\/\/bilimkubbesi.com.tr\/index.php\/wp-json\/wp\/v2\/media?parent=1356"}],"curies":[{"name":"wp","href":"https:\/\/api.w.org\/{rel}","templated":true}]}}