{"id":1254,"date":"2025-03-18T10:49:19","date_gmt":"2025-03-18T10:49:19","guid":{"rendered":"https:\/\/bilimkubbesi.com.tr\/index.php\/jwstnin-sasirtici-kesfi-evren-bir-kara-deligin-icinde-mi\/"},"modified":"2025-03-18T11:36:44","modified_gmt":"2025-03-18T11:36:44","slug":"jwstnin-sasirtici-kesfi-evren-bir-kara-deligin-icinde-mi","status":"publish","type":"page","link":"https:\/\/bilimkubbesi.com.tr\/index.php\/jwstnin-sasirtici-kesfi-evren-bir-kara-deligin-icinde-mi\/","title":{"rendered":"JWST\u2019nin \u015ea\u015f\u0131rt\u0131c\u0131 Ke\u015ffi: Evren Bir Kara Deli\u011fin \u0130\u00e7inde mi?"},"content":{"rendered":"","protected":false},"excerpt":{"rendered":"","protected":false},"author":2,"featured_media":0,"parent":0,"menu_order":0,"comment_status":"closed","ping_status":"closed","template":"kubio-full-width","meta":{"saved_in_kubio":true,"footnotes":""},"class_list":["post-1254","page","type-page","status-publish","hentry"],"kubio_ai_page_context":{"short_desc":"","purpose":"general"},"_links":{"self":[{"href":"https:\/\/bilimkubbesi.com.tr\/index.php\/wp-json\/wp\/v2\/pages\/1254","targetHints":{"allow":["GET"]}}],"collection":[{"href":"https:\/\/bilimkubbesi.com.tr\/index.php\/wp-json\/wp\/v2\/pages"}],"about":[{"href":"https:\/\/bilimkubbesi.com.tr\/index.php\/wp-json\/wp\/v2\/types\/page"}],"author":[{"embeddable":true,"href":"https:\/\/bilimkubbesi.com.tr\/index.php\/wp-json\/wp\/v2\/users\/2"}],"replies":[{"embeddable":true,"href":"https:\/\/bilimkubbesi.com.tr\/index.php\/wp-json\/wp\/v2\/comments?post=1254"}],"version-history":[{"count":3,"href":"https:\/\/bilimkubbesi.com.tr\/index.php\/wp-json\/wp\/v2\/pages\/1254\/revisions"}],"predecessor-version":[{"id":1264,"href":"https:\/\/bilimkubbesi.com.tr\/index.php\/wp-json\/wp\/v2\/pages\/1254\/revisions\/1264"}],"wp:attachment":[{"href":"https:\/\/bilimkubbesi.com.tr\/index.php\/wp-json\/wp\/v2\/media?parent=1254"}],"curies":[{"name":"wp","href":"https:\/\/api.w.org\/{rel}","templated":true}]}}